{"id":154,"date":"2015-07-16T09:12:44","date_gmt":"2015-07-16T09:12:44","guid":{"rendered":"http:\/\/test.kriesi.at\/minimal-portfolio\/?page_id=154"},"modified":"2025-11-03T09:31:00","modified_gmt":"2025-11-03T09:31:00","slug":"about","status":"publish","type":"page","link":"https:\/\/benevolmente.com\/index.php\/about\/","title":{"rendered":"Percorso"},"content":{"rendered":"\n<style type=\"text\/css\" data-created_by=\"avia_inline_auto\" id=\"style-css-av-8z4ebm-669776958cfe91aed9644822f4af14ec\">\n.avia-section.av-8z4ebm-669776958cfe91aed9644822f4af14ec{\nbackground-color:#8d9c3b;\nbackground-image:unset;\n}\n<\/style>\n<div id='av_section_1'  class='avia-section av-8z4ebm-669776958cfe91aed9644822f4af14ec main_color avia-section-huge avia-no-border-styling  avia-builder-el-0  el_before_av_section  avia-builder-el-first  avia-bg-style-scroll container_wrap fullsize'  ><div class='container av-section-cont-open' ><main  role=\"main\" itemprop=\"mainContentOfPage\"  class='template-page content  av-content-full alpha units'><div class='post-entry post-entry-type-page post-entry-154'><div class='entry-content-wrapper clearfix'>\n\n<style type=\"text\/css\" data-created_by=\"avia_inline_auto\" id=\"style-css-av-8tjiua-6636ac9b8a4e99be6d453e894f543c56\">\n#top .av-special-heading.av-8tjiua-6636ac9b8a4e99be6d453e894f543c56{\npadding-bottom:20px;\ncolor:#ffffff;\nfont-size:40px;\n}\nbody .av-special-heading.av-8tjiua-6636ac9b8a4e99be6d453e894f543c56 .av-special-heading-tag .heading-char{\nfont-size:25px;\n}\n#top #wrap_all .av-special-heading.av-8tjiua-6636ac9b8a4e99be6d453e894f543c56 .av-special-heading-tag{\nfont-size:40px;\n}\n.av-special-heading.av-8tjiua-6636ac9b8a4e99be6d453e894f543c56 .special-heading-inner-border{\nborder-color:#ffffff;\n}\n.av-special-heading.av-8tjiua-6636ac9b8a4e99be6d453e894f543c56 .av-subheading{\nfont-size:15px;\n}\n\n@media only screen and (min-width: 480px) and (max-width: 767px){ \n#top #wrap_all .av-special-heading.av-8tjiua-6636ac9b8a4e99be6d453e894f543c56 .av-special-heading-tag{\nfont-size:0.8em;\n}\n}\n\n@media only screen and (max-width: 479px){ \n#top #wrap_all .av-special-heading.av-8tjiua-6636ac9b8a4e99be6d453e894f543c56 .av-special-heading-tag{\nfont-size:0.8em;\n}\n}\n<\/style>\n<div  class='av-special-heading av-8tjiua-6636ac9b8a4e99be6d453e894f543c56 av-special-heading-h1 custom-color-heading blockquote modern-quote modern-centered  avia-builder-el-1  el_before_av_one_fifth  avia-builder-el-first  av-inherit-size'><h1 class='av-special-heading-tag'  itemprop=\"headline\"  >Ascolto la tua Essenza <br \/> e aiuto a connetterti con il suo ritmo<\/h1><div class=\"special-heading-border\"><div class=\"special-heading-inner-border\"><\/div><\/div><\/div>\n\n<style type=\"text\/css\" data-created_by=\"avia_inline_auto\" id=\"style-css-av-8ogl6y-92cca657595597d8d2e20fc1de0a4185\">\n.flex_column.av-8ogl6y-92cca657595597d8d2e20fc1de0a4185{\nborder-radius:0px 0px 0px 0px;\npadding:0px 0px 0px 0px;\n}\n<\/style>\n<div  class='flex_column av-8ogl6y-92cca657595597d8d2e20fc1de0a4185 av_one_fifth  avia-builder-el-2  el_after_av_heading  el_before_av_three_fifth  first flex_column_div av-zero-column-padding  '     ><\/div>\n<style type=\"text\/css\" data-created_by=\"avia_inline_auto\" id=\"style-css-av-8liweq-4bf5c549ba645e948503531d1c4f58a3\">\n.flex_column.av-8liweq-4bf5c549ba645e948503531d1c4f58a3{\nborder-radius:0px 0px 0px 0px;\npadding:0px 0px 0px 0px;\n}\n<\/style>\n<div  class='flex_column av-8liweq-4bf5c549ba645e948503531d1c4f58a3 av_three_fifth  avia-builder-el-3  el_after_av_one_fifth  el_before_av_one_fifth  flex_column_div av-animated-generic bottom-to-top av-zero-column-padding  '     ><style type=\"text\/css\" data-created_by=\"avia_inline_auto\" id=\"style-css-av-8bcdyq-aa229f95db73f9556081111a3c61809e\">\n#top .av_textblock_section.av-8bcdyq-aa229f95db73f9556081111a3c61809e .avia_textblock{\nfont-size:15px;\ncolor:#ffffff;\n}\n<\/style>\n<section  class='av_textblock_section av-8bcdyq-aa229f95db73f9556081111a3c61809e '   itemscope=\"itemscope\" itemtype=\"https:\/\/schema.org\/CreativeWork\" ><div class='avia_textblock av_inherit_color'  itemprop=\"text\" ><p style=\"text-align: center;\">Concediti l&#8217;opportunit\u00e0 di non scegliere una pratica specifica, <strong>lascia che Benevolmente intuisca cosa chiede la tua Essenza<\/strong>.<\/p>\n<\/div><\/section><\/div>\n<style type=\"text\/css\" data-created_by=\"avia_inline_auto\" id=\"style-css-av-83ddei-551d67b56acfe692ebf0ba182430f26c\">\n.flex_column.av-83ddei-551d67b56acfe692ebf0ba182430f26c{\nborder-radius:0px 0px 0px 0px;\npadding:0px 0px 0px 0px;\n}\n<\/style>\n<div  class='flex_column av-83ddei-551d67b56acfe692ebf0ba182430f26c av_one_fifth  avia-builder-el-5  el_after_av_three_fifth  avia-builder-el-last  flex_column_div av-zero-column-padding  '     ><\/div><\/div><\/div><\/main><!-- close content main element --><\/div><\/div>\n<style type=\"text\/css\" data-created_by=\"avia_inline_auto\" id=\"style-css-av-7w95my-8769b1a9c2911fb793132319d6f62411\">\n.avia-section.av-7w95my-8769b1a9c2911fb793132319d6f62411{\nbackground-color:#efefef;\nbackground-image:unset;\n}\n<\/style>\n<div id='av_section_2'  class='avia-section av-7w95my-8769b1a9c2911fb793132319d6f62411 main_color avia-section-huge avia-no-border-styling  avia-builder-el-6  el_after_av_section  el_before_av_layout_row  avia-bg-style-scroll container_wrap fullsize'  ><div class='container av-section-cont-open' ><div class='template-page content  av-content-full alpha units'><div class='post-entry post-entry-type-page post-entry-154'><div class='entry-content-wrapper clearfix'>\n\n<style type=\"text\/css\" data-created_by=\"avia_inline_auto\" id=\"style-css-av-rlmya-9fee208a357bb06d591633f1b3be6c4c\">\n.flex_column.av-rlmya-9fee208a357bb06d591633f1b3be6c4c{\nborder-radius:0px 0px 0px 0px;\npadding:0px 0px 0px 0px;\n}\n<\/style>\n<div  class='flex_column av-rlmya-9fee208a357bb06d591633f1b3be6c4c av_one_half  avia-builder-el-7  el_before_av_one_half  avia-builder-el-first  first flex_column_div av-animated-generic bottom-to-top av-zero-column-padding  '     ><p>\n<style type=\"text\/css\" data-created_by=\"avia_inline_auto\" id=\"style-css-av-7kqmsq-2d8b61fe7a8b813fbb19962440871a6f\">\n#top .av-special-heading.av-7kqmsq-2d8b61fe7a8b813fbb19962440871a6f{\npadding-bottom:10px;\n}\nbody .av-special-heading.av-7kqmsq-2d8b61fe7a8b813fbb19962440871a6f .av-special-heading-tag .heading-char{\nfont-size:25px;\n}\n.av-special-heading.av-7kqmsq-2d8b61fe7a8b813fbb19962440871a6f .av-subheading{\nfont-size:15px;\n}\n<\/style>\n<div  class='av-special-heading av-7kqmsq-2d8b61fe7a8b813fbb19962440871a6f av-special-heading-h2 blockquote modern-quote  avia-builder-el-8  el_before_av_textblock  avia-builder-el-first '><h2 class='av-special-heading-tag'  itemprop=\"headline\"  >La filosofia di Benevolmente <\/h2><div class=\"special-heading-border\"><div class=\"special-heading-inner-border\"><\/div><\/div><\/div><br \/>\n\n<style type=\"text\/css\" data-created_by=\"avia_inline_auto\" id=\"style-css-av-94dvm-e9b8aa88c531a471bc00351bb740ce4a\">\n#top .av_textblock_section.av-94dvm-e9b8aa88c531a471bc00351bb740ce4a .avia_textblock{\nfont-size:15px;\n}\n<\/style>\n<section  class='av_textblock_section av-94dvm-e9b8aa88c531a471bc00351bb740ce4a '   itemscope=\"itemscope\" itemtype=\"https:\/\/schema.org\/CreativeWork\" ><div class='avia_textblock'  itemprop=\"text\" ><p>Benevolmente crede fermamente nel potenziale unico di ogni individuo.<br \/>\nVoglio <strong>creare un ambiente in cui ogni persona possa esplorare e conoscere i propri talenti<\/strong>.<\/p>\n<p>Offrendo uno spazio sicuro e accogliente dove ogni individuo possa scoprire le proprie capacit\u00e0 nascoste e crescere in armonia con se stesso e con gli altri.<\/p>\n<\/div><\/section><\/p><\/div>\n<style type=\"text\/css\" data-created_by=\"avia_inline_auto\" id=\"style-css-av-761fve-4651f142bb07c546cbcaa5ce1f920cba\">\n.flex_column.av-761fve-4651f142bb07c546cbcaa5ce1f920cba{\nborder-radius:0px 0px 0px 0px;\npadding:0px 0px 0px 0px;\n}\n<\/style>\n<div  class='flex_column av-761fve-4651f142bb07c546cbcaa5ce1f920cba av_one_half  avia-builder-el-10  el_after_av_one_half  avia-builder-el-last  flex_column_div av-animated-generic bottom-to-top av-zero-column-padding  '     ><p>\n<style type=\"text\/css\" data-created_by=\"avia_inline_auto\" id=\"style-css-av-lxxarql4-3b33738453c5b10e0c2f1892a681362d\">\n#top .hr.hr-invisible.av-lxxarql4-3b33738453c5b10e0c2f1892a681362d{\nheight:40px;\n}\n<\/style>\n<div  class='hr av-lxxarql4-3b33738453c5b10e0c2f1892a681362d hr-invisible  avia-builder-el-11  el_before_av_textblock  avia-builder-el-first '><span class='hr-inner '><span class=\"hr-inner-style\"><\/span><\/span><\/div><br \/>\n\n<style type=\"text\/css\" data-created_by=\"avia_inline_auto\" id=\"style-css-av-6x4jei-1755fcf77fa409c84ed702489ccc6db9\">\n#top .av_textblock_section.av-6x4jei-1755fcf77fa409c84ed702489ccc6db9 .avia_textblock{\nfont-size:15px;\n}\n<\/style>\n<section  class='av_textblock_section av-6x4jei-1755fcf77fa409c84ed702489ccc6db9 '   itemscope=\"itemscope\" itemtype=\"https:\/\/schema.org\/CreativeWork\" ><div class='avia_textblock'  itemprop=\"text\" ><p>Per raggiungere ci\u00f2, la missione \u00e8 <strong>offrire un percorso olistico alternativo<\/strong>. In questo percorso, l&#8217;ascolto sensoriale ed emozionale gioca un ruolo fondamentale.<\/p>\n<p>Credo che, attraverso un&#8217;esplorazione profonda e consapevole, ogni persona possa individuare le combinazioni uniche di razionalit\u00e0, sensibilit\u00e0, emotivit\u00e0 e manifestazione che meglio riflettono la propria essenza.<\/p>\n<\/div><\/section><\/p><\/div>\n<\/p>\n<\/div><\/div><\/div><!-- close content main div --><\/div><\/div><div id='av-layout-grid-1'  class='av-layout-grid-container av-ly37zmsi-9a0385c9a7177cb6108a7431e117b83e entry-content-wrapper main_color av-flex-cells av-break-at-tablet  avia-builder-el-13  el_after_av_section  el_before_av_masonry_gallery  grid-row-not-first  container_wrap fullsize'  >\n\n<style type=\"text\/css\" data-created_by=\"avia_inline_auto\" id=\"style-css-av-ly37w2ly-fed766d38cde906fee015504195584c4\">\n.flex_cell.av-ly37w2ly-fed766d38cde906fee015504195584c4{\nvertical-align:top;\nbackground-color:#c7c72f;\n}\n.responsive #top #wrap_all .flex_cell.av-ly37w2ly-fed766d38cde906fee015504195584c4{\npadding:80px 80px 80px 80px !important;\n}\n<\/style>\n<div class='flex_cell av-ly37w2ly-fed766d38cde906fee015504195584c4 av-gridrow-cell av_one_third no_margin  avia-builder-el-14  el_before_av_cell_one_third  avia-builder-el-first '  ><div class='flex_cell_inner'><p>\n<style type=\"text\/css\" data-created_by=\"avia_inline_auto\" id=\"style-css-av-ly37xayu-70b1b6b99953398f94a8e831fc4a6f10\">\n#top .av-special-heading.av-ly37xayu-70b1b6b99953398f94a8e831fc4a6f10{\npadding-bottom:20px;\ncolor:#ffffff;\nfont-size:40px;\n}\nbody .av-special-heading.av-ly37xayu-70b1b6b99953398f94a8e831fc4a6f10 .av-special-heading-tag .heading-char{\nfont-size:25px;\n}\n#top #wrap_all .av-special-heading.av-ly37xayu-70b1b6b99953398f94a8e831fc4a6f10 .av-special-heading-tag{\nfont-size:40px;\n}\n.av-special-heading.av-ly37xayu-70b1b6b99953398f94a8e831fc4a6f10 .special-heading-inner-border{\nborder-color:#ffffff;\n}\n.av-special-heading.av-ly37xayu-70b1b6b99953398f94a8e831fc4a6f10 .av-subheading{\nfont-size:15px;\n}\n\n@media only screen and (min-width: 480px) and (max-width: 767px){ \n#top #wrap_all .av-special-heading.av-ly37xayu-70b1b6b99953398f94a8e831fc4a6f10 .av-special-heading-tag{\nfont-size:0.8em;\n}\n}\n\n@media only screen and (max-width: 479px){ \n#top #wrap_all .av-special-heading.av-ly37xayu-70b1b6b99953398f94a8e831fc4a6f10 .av-special-heading-tag{\nfont-size:0.8em;\n}\n}\n<\/style>\n<div  class='av-special-heading av-ly37xayu-70b1b6b99953398f94a8e831fc4a6f10 av-special-heading-h1 custom-color-heading blockquote modern-quote modern-centered  avia-builder-el-15  el_before_av_textblock  avia-builder-el-first  av-inherit-size'><h1 class='av-special-heading-tag'  itemprop=\"headline\"  >Cosa?<\/h1><div class=\"special-heading-border\"><div class=\"special-heading-inner-border\"><\/div><\/div><\/div><br \/>\n\n<style type=\"text\/css\" data-created_by=\"avia_inline_auto\" id=\"style-css-av-ly37xrfi-1413f186d22474e84094c1777c4743b0\">\n#top .av_textblock_section.av-ly37xrfi-1413f186d22474e84094c1777c4743b0 .avia_textblock{\nfont-size:14px;\ncolor:#ffffff;\n}\n<\/style>\n<section  class='av_textblock_section av-ly37xrfi-1413f186d22474e84094c1777c4743b0 '   itemscope=\"itemscope\" itemtype=\"https:\/\/schema.org\/CreativeWork\" ><div class='avia_textblock av_inherit_color'  itemprop=\"text\" ><p style=\"text-align: left;\">Una variet\u00e0 di attivit\u00e0 orientate alla <strong>crescita personale e al benessere concreto<\/strong>.<\/p>\n<p style=\"text-align: left;\">\u00c8 uno spazio dove, partendo da un <strong>trattamento olistico<\/strong>, le persone entrano in <strong>contatto con la materia<\/strong> che pi\u00f9 coincide con la loro sostanza in quel momento, grazie a delle attivit\u00e0 specifiche.<\/p>\n<\/div><\/section><\/p>\n<\/div><\/div>\n<style type=\"text\/css\" data-created_by=\"avia_inline_auto\" id=\"style-css-av-ly37we3g-231fb909e8a8beb9d719406c5c2abc61\">\n.flex_cell.av-ly37we3g-231fb909e8a8beb9d719406c5c2abc61{\nvertical-align:top;\nbackground-color:#8d9c3b;\n}\n.responsive #top #wrap_all .flex_cell.av-ly37we3g-231fb909e8a8beb9d719406c5c2abc61{\npadding:80px 80px 80px 80px !important;\n}\n<\/style>\n<div class='flex_cell av-ly37we3g-231fb909e8a8beb9d719406c5c2abc61 av-gridrow-cell av_one_third no_margin  avia-builder-el-17  el_after_av_cell_one_third  el_before_av_cell_one_third '  ><div class='flex_cell_inner'><p>\n<style type=\"text\/css\" data-created_by=\"avia_inline_auto\" id=\"style-css-av-ly37x6ik-b982ffac2307a4f00ed1738500fbf070\">\n#top .av-special-heading.av-ly37x6ik-b982ffac2307a4f00ed1738500fbf070{\npadding-bottom:20px;\ncolor:#ffffff;\nfont-size:40px;\n}\nbody .av-special-heading.av-ly37x6ik-b982ffac2307a4f00ed1738500fbf070 .av-special-heading-tag .heading-char{\nfont-size:25px;\n}\n#top #wrap_all .av-special-heading.av-ly37x6ik-b982ffac2307a4f00ed1738500fbf070 .av-special-heading-tag{\nfont-size:40px;\n}\n.av-special-heading.av-ly37x6ik-b982ffac2307a4f00ed1738500fbf070 .special-heading-inner-border{\nborder-color:#ffffff;\n}\n.av-special-heading.av-ly37x6ik-b982ffac2307a4f00ed1738500fbf070 .av-subheading{\nfont-size:15px;\n}\n\n@media only screen and (min-width: 480px) and (max-width: 767px){ \n#top #wrap_all .av-special-heading.av-ly37x6ik-b982ffac2307a4f00ed1738500fbf070 .av-special-heading-tag{\nfont-size:0.8em;\n}\n}\n\n@media only screen and (max-width: 479px){ \n#top #wrap_all .av-special-heading.av-ly37x6ik-b982ffac2307a4f00ed1738500fbf070 .av-special-heading-tag{\nfont-size:0.8em;\n}\n}\n<\/style>\n<div  class='av-special-heading av-ly37x6ik-b982ffac2307a4f00ed1738500fbf070 av-special-heading-h1 custom-color-heading blockquote modern-quote modern-centered  avia-builder-el-18  el_before_av_textblock  avia-builder-el-first  av-inherit-size'><h1 class='av-special-heading-tag'  itemprop=\"headline\"  >Come?<\/h1><div class=\"special-heading-border\"><div class=\"special-heading-inner-border\"><\/div><\/div><\/div><br \/>\n\n<style type=\"text\/css\" data-created_by=\"avia_inline_auto\" id=\"style-css-av-ly37wy8i-a35e1bea103e32352ef5f7ce3818426c\">\n#top .av_textblock_section.av-ly37wy8i-a35e1bea103e32352ef5f7ce3818426c .avia_textblock{\nfont-size:14px;\ncolor:#ffffff;\n}\n<\/style>\n<section  class='av_textblock_section av-ly37wy8i-a35e1bea103e32352ef5f7ce3818426c '   itemscope=\"itemscope\" itemtype=\"https:\/\/schema.org\/CreativeWork\" ><div class='avia_textblock av_inherit_color'  itemprop=\"text\" ><p style=\"text-align: left;\">Tramite<strong> percorsi che iniziano con il massaggio e si estendono a esperienze sensoriali e creative. <\/strong><\/p>\n<p style=\"text-align: left;\">Come dipingere, costruire, dormire, e connettersi con elementi naturali come acqua e terra, oltre alla musica, danza e cucina.<\/p>\n<\/div><\/section><\/p>\n<\/div><\/div>\n<style type=\"text\/css\" data-created_by=\"avia_inline_auto\" id=\"style-css-av-ly37w70l-b292a2fbfc12cb59eeefbbc7fefe85f7\">\n.flex_cell.av-ly37w70l-b292a2fbfc12cb59eeefbbc7fefe85f7{\nvertical-align:top;\nbackground-color:#c7c72f;\n}\n.responsive #top #wrap_all .flex_cell.av-ly37w70l-b292a2fbfc12cb59eeefbbc7fefe85f7{\npadding:80px 80px 80px 80px !important;\n}\n<\/style>\n<div class='flex_cell av-ly37w70l-b292a2fbfc12cb59eeefbbc7fefe85f7 av-gridrow-cell av_one_third no_margin  avia-builder-el-20  el_after_av_cell_one_third  avia-builder-el-last '  ><div class='flex_cell_inner'><p>\n<style type=\"text\/css\" data-created_by=\"avia_inline_auto\" id=\"style-css-av-ly37xfu6-9c5979e72626f4325e0797e9b995539a\">\n#top .av-special-heading.av-ly37xfu6-9c5979e72626f4325e0797e9b995539a{\npadding-bottom:20px;\ncolor:#ffffff;\nfont-size:40px;\n}\nbody .av-special-heading.av-ly37xfu6-9c5979e72626f4325e0797e9b995539a .av-special-heading-tag .heading-char{\nfont-size:25px;\n}\n#top #wrap_all .av-special-heading.av-ly37xfu6-9c5979e72626f4325e0797e9b995539a .av-special-heading-tag{\nfont-size:40px;\n}\n.av-special-heading.av-ly37xfu6-9c5979e72626f4325e0797e9b995539a .special-heading-inner-border{\nborder-color:#ffffff;\n}\n.av-special-heading.av-ly37xfu6-9c5979e72626f4325e0797e9b995539a .av-subheading{\nfont-size:15px;\n}\n\n@media only screen and (min-width: 480px) and (max-width: 767px){ \n#top #wrap_all .av-special-heading.av-ly37xfu6-9c5979e72626f4325e0797e9b995539a .av-special-heading-tag{\nfont-size:0.8em;\n}\n}\n\n@media only screen and (max-width: 479px){ \n#top #wrap_all .av-special-heading.av-ly37xfu6-9c5979e72626f4325e0797e9b995539a .av-special-heading-tag{\nfont-size:0.8em;\n}\n}\n<\/style>\n<div  class='av-special-heading av-ly37xfu6-9c5979e72626f4325e0797e9b995539a av-special-heading-h1 custom-color-heading blockquote modern-quote modern-centered  avia-builder-el-21  el_before_av_textblock  avia-builder-el-first  av-inherit-size'><h1 class='av-special-heading-tag'  itemprop=\"headline\"  >Perch\u00e9?<\/h1><div class=\"special-heading-border\"><div class=\"special-heading-inner-border\"><\/div><\/div><\/div><br \/>\n\n<style type=\"text\/css\" data-created_by=\"avia_inline_auto\" id=\"style-css-av-ly37yshk-188d7846bc9e1f817e7ced6a53116db2\">\n#top .av_textblock_section.av-ly37yshk-188d7846bc9e1f817e7ced6a53116db2 .avia_textblock{\nfont-size:14px;\ncolor:#ffffff;\n}\n<\/style>\n<section  class='av_textblock_section av-ly37yshk-188d7846bc9e1f817e7ced6a53116db2 '   itemscope=\"itemscope\" itemtype=\"https:\/\/schema.org\/CreativeWork\" ><div class='avia_textblock av_inherit_color'  itemprop=\"text\" ><p style=\"text-align: left;\">Per fornire un <strong>ambiente libero da condizionamenti esterni <\/strong>e da<strong>\u00a0protocolli rigidi. <\/strong><\/p>\n<p style=\"text-align: left;\">Perch\u00e9 ogni individuo deve avere <strong>l&#8217;opportunit\u00e0 di<\/strong> <strong>scoprire e manifestare la propria autenticit\u00e0 e il proprio talento<\/strong> in un contesto che favorisca la libert\u00e0 di espressione.<\/p>\n<\/div><\/section><\/p>\n<\/div><\/div>\n<\/div>\n<div id='av-masonry-1' class='av-masonry av-ly49uy4k-cdeba2a138f0c41791e3c722cebb952f noHover av-fixed-size av-no-gap av-hover-overlay-active av-masonry-animation-active av-masonry-col-3 av-caption-always av-caption-style- av-masonry-gallery ' data-post_id=\"154\"><div class=\"av-masonry-container isotope av-js-disabled\"><div class='av-masonry-entry isotope-item av-masonry-item-no-image '><\/div><a href=\"https:\/\/benevolmente.com\/wp-content\/uploads\/2024\/07\/IMG_4102psd-1030x773.png\" data-srcset=\"https:\/\/benevolmente.com\/wp-content\/uploads\/2024\/07\/IMG_4102psd-1030x773.png 1030w, https:\/\/benevolmente.com\/wp-content\/uploads\/2024\/07\/IMG_4102psd-300x225.png 300w, https:\/\/benevolmente.com\/wp-content\/uploads\/2024\/07\/IMG_4102psd-768x576.png 768w, https:\/\/benevolmente.com\/wp-content\/uploads\/2024\/07\/IMG_4102psd-1536x1152.png 1536w, https:\/\/benevolmente.com\/wp-content\/uploads\/2024\/07\/IMG_4102psd-2048x1537.png 2048w, https:\/\/benevolmente.com\/wp-content\/uploads\/2024\/07\/IMG_4102psd-1500x1125.png 1500w, https:\/\/benevolmente.com\/wp-content\/uploads\/2024\/07\/IMG_4102psd-705x529.png 705w\" data-sizes=\"(max-width: 1030px) 100vw, 1030px\"  aria-label=\"immagine IMG_4102psd\"  id='av-masonry-1-item-769' data-av-masonry-item='769' class='av-masonry-entry isotope-item post-769 attachment type-attachment status-inherit hentry  av-masonry-item-with-image av-grid-img' title=\"IMG_4102psd\" alt=\"\"    itemprop=\"thumbnailUrl\" ><div class='av-inner-masonry-sizer'><\/div><figure class='av-inner-masonry main_color'><div class=\"av-masonry-outerimage-container\"><div class='av-masonry-image-container' style=\"background-image: url(https:\/\/benevolmente.com\/wp-content\/uploads\/2024\/07\/IMG_4102psd-705x529.png);\"  title=\"IMG_4102psd\"  ><\/div><\/div><\/figure><\/a><!--end av-masonry entry--><a href=\"https:\/\/benevolmente.com\/wp-content\/uploads\/2024\/07\/6f70db5a-9de5-4457-ba35-e72b95465473-1030x773.jpg\" data-srcset=\"https:\/\/benevolmente.com\/wp-content\/uploads\/2024\/07\/6f70db5a-9de5-4457-ba35-e72b95465473-1030x773.jpg 1030w, https:\/\/benevolmente.com\/wp-content\/uploads\/2024\/07\/6f70db5a-9de5-4457-ba35-e72b95465473-300x225.jpg 300w, https:\/\/benevolmente.com\/wp-content\/uploads\/2024\/07\/6f70db5a-9de5-4457-ba35-e72b95465473-768x576.jpg 768w, https:\/\/benevolmente.com\/wp-content\/uploads\/2024\/07\/6f70db5a-9de5-4457-ba35-e72b95465473-1536x1152.jpg 1536w, https:\/\/benevolmente.com\/wp-content\/uploads\/2024\/07\/6f70db5a-9de5-4457-ba35-e72b95465473-1500x1125.jpg 1500w, https:\/\/benevolmente.com\/wp-content\/uploads\/2024\/07\/6f70db5a-9de5-4457-ba35-e72b95465473-705x529.jpg 705w, https:\/\/benevolmente.com\/wp-content\/uploads\/2024\/07\/6f70db5a-9de5-4457-ba35-e72b95465473.jpg 1600w\" data-sizes=\"(max-width: 1030px) 100vw, 1030px\"  aria-label=\"immagine 6f70db5a-9de5-4457-ba35-e72b95465473\"  id='av-masonry-1-item-772' data-av-masonry-item='772' class='av-masonry-entry isotope-item post-772 attachment type-attachment status-inherit hentry  av-masonry-item-with-image av-grid-img' title=\"6f70db5a-9de5-4457-ba35-e72b95465473\" alt=\"\"    itemprop=\"thumbnailUrl\" ><div class='av-inner-masonry-sizer'><\/div><figure class='av-inner-masonry main_color'><div class=\"av-masonry-outerimage-container\"><div class='av-masonry-image-container' style=\"background-image: url(https:\/\/benevolmente.com\/wp-content\/uploads\/2024\/07\/6f70db5a-9de5-4457-ba35-e72b95465473-705x529.jpg);\"  title=\"6f70db5a-9de5-4457-ba35-e72b95465473\"  ><\/div><\/div><\/figure><\/a><!--end av-masonry entry--><a href=\"https:\/\/benevolmente.com\/wp-content\/uploads\/2024\/07\/IMG_4097psd-1030x773.png\" data-srcset=\"https:\/\/benevolmente.com\/wp-content\/uploads\/2024\/07\/IMG_4097psd-1030x773.png 1030w, https:\/\/benevolmente.com\/wp-content\/uploads\/2024\/07\/IMG_4097psd-300x225.png 300w, https:\/\/benevolmente.com\/wp-content\/uploads\/2024\/07\/IMG_4097psd-768x576.png 768w, https:\/\/benevolmente.com\/wp-content\/uploads\/2024\/07\/IMG_4097psd-1536x1152.png 1536w, https:\/\/benevolmente.com\/wp-content\/uploads\/2024\/07\/IMG_4097psd-2048x1536.png 2048w, https:\/\/benevolmente.com\/wp-content\/uploads\/2024\/07\/IMG_4097psd-1500x1125.png 1500w, https:\/\/benevolmente.com\/wp-content\/uploads\/2024\/07\/IMG_4097psd-705x529.png 705w\" data-sizes=\"(max-width: 1030px) 100vw, 1030px\"  aria-label=\"immagine IMG_4097psd\"  id='av-masonry-1-item-770' data-av-masonry-item='770' class='av-masonry-entry isotope-item post-770 attachment type-attachment status-inherit hentry  av-masonry-item-with-image av-grid-img' title=\"IMG_4097psd\" alt=\"\"    itemprop=\"thumbnailUrl\" ><div class='av-inner-masonry-sizer'><\/div><figure class='av-inner-masonry main_color'><div class=\"av-masonry-outerimage-container\"><div class='av-masonry-image-container' style=\"background-image: url(https:\/\/benevolmente.com\/wp-content\/uploads\/2024\/07\/IMG_4097psd-705x529.png);\"  title=\"IMG_4097psd\"  ><\/div><\/div><\/figure><\/a><!--end av-masonry entry--><\/div><\/div>\n","protected":false},"excerpt":{"rendered":"","protected":false},"author":1,"featured_media":0,"parent":0,"menu_order":0,"comment_status":"open","ping_status":"open","template":"","meta":{"footnotes":""},"class_list":["post-154","page","type-page","status-publish","hentry"],"_links":{"self":[{"href":"https:\/\/benevolmente.com\/index.php\/wp-json\/wp\/v2\/pages\/154","targetHints":{"allow":["GET"]}}],"collection":[{"href":"https:\/\/benevolmente.com\/index.php\/wp-json\/wp\/v2\/pages"}],"about":[{"href":"https:\/\/benevolmente.com\/index.php\/wp-json\/wp\/v2\/types\/page"}],"author":[{"embeddable":true,"href":"https:\/\/benevolmente.com\/index.php\/wp-json\/wp\/v2\/users\/1"}],"replies":[{"embeddable":true,"href":"https:\/\/benevolmente.com\/index.php\/wp-json\/wp\/v2\/comments?post=154"}],"version-history":[{"count":50,"href":"https:\/\/benevolmente.com\/index.php\/wp-json\/wp\/v2\/pages\/154\/revisions"}],"predecessor-version":[{"id":836,"href":"https:\/\/benevolmente.com\/index.php\/wp-json\/wp\/v2\/pages\/154\/revisions\/836"}],"wp:attachment":[{"href":"https:\/\/benevolmente.com\/index.php\/wp-json\/wp\/v2\/media?parent=154"}],"curies":[{"name":"wp","href":"https:\/\/api.w.org\/{rel}","templated":true}]}}