{"id":784,"date":"2024-07-02T15:21:28","date_gmt":"2024-07-02T15:21:28","guid":{"rendered":"https:\/\/benevolmente.com\/?page_id=784"},"modified":"2024-07-02T15:22:40","modified_gmt":"2024-07-02T15:22:40","slug":"storie","status":"publish","type":"page","link":"https:\/\/benevolmente.com\/index.php\/storie\/","title":{"rendered":"Storie"},"content":{"rendered":"\n<style type=\"text\/css\" data-created_by=\"avia_inline_auto\" id=\"style-css-av-av_section-9c57867e44c5f4d817b8552df8cf72c6\">\n.avia-section.av-av_section-9c57867e44c5f4d817b8552df8cf72c6{\nbackground-color:#8d9c3b;\nbackground-image:unset;\n}\n<\/style>\n<div id='av_section_1'  class='avia-section av-av_section-9c57867e44c5f4d817b8552df8cf72c6 main_color avia-section-huge avia-no-border-styling  avia-builder-el-0  avia-builder-el-no-sibling  avia-bg-style-scroll container_wrap fullsize'  ><div class='container av-section-cont-open' ><main  role=\"main\" itemprop=\"mainContentOfPage\"  class='template-page content  av-content-full alpha units'><div class='post-entry post-entry-type-page post-entry-784'><div class='entry-content-wrapper clearfix'>\n<div  class='flex_column av-av_one_fifth-753d03be8845da87da60299c8f023eed av_one_fifth  avia-builder-el-1  el_before_av_three_fifth  avia-builder-el-first  first flex_column_div  '     ><\/div>\n<style type=\"text\/css\" data-created_by=\"avia_inline_auto\" id=\"style-css-av-av_three_fifth-334f9af36cea173305c45a30c585176c\">\n.flex_column.av-av_three_fifth-334f9af36cea173305c45a30c585176c{\nborder-radius:0px 0px 0px 0px;\npadding:0px 0px 0px 0px;\n}\n<\/style>\n<div  class='flex_column av-av_three_fifth-334f9af36cea173305c45a30c585176c av_three_fifth  avia-builder-el-2  el_after_av_one_fifth  el_before_av_one_fifth  flex_column_div av-animated-generic bottom-to-top av-zero-column-padding  '     ><p>\n<style type=\"text\/css\" data-created_by=\"avia_inline_auto\" id=\"style-css-av-av_heading-79897c4059507435fdd74d5be39c341a\">\n#top .av-special-heading.av-av_heading-79897c4059507435fdd74d5be39c341a{\npadding-bottom:20px;\ncolor:#ffffff;\nfont-size:40px;\n}\nbody .av-special-heading.av-av_heading-79897c4059507435fdd74d5be39c341a .av-special-heading-tag .heading-char{\nfont-size:25px;\n}\n#top #wrap_all .av-special-heading.av-av_heading-79897c4059507435fdd74d5be39c341a .av-special-heading-tag{\nfont-size:40px;\n}\n.av-special-heading.av-av_heading-79897c4059507435fdd74d5be39c341a .special-heading-inner-border{\nborder-color:#ffffff;\n}\n.av-special-heading.av-av_heading-79897c4059507435fdd74d5be39c341a .av-subheading{\nfont-size:15px;\n}\n\n@media only screen and (min-width: 480px) and (max-width: 767px){ \n#top #wrap_all .av-special-heading.av-av_heading-79897c4059507435fdd74d5be39c341a .av-special-heading-tag{\nfont-size:0.8em;\n}\n}\n\n@media only screen and (max-width: 479px){ \n#top #wrap_all .av-special-heading.av-av_heading-79897c4059507435fdd74d5be39c341a .av-special-heading-tag{\nfont-size:0.8em;\n}\n}\n<\/style>\n<div  class='av-special-heading av-av_heading-79897c4059507435fdd74d5be39c341a av-special-heading-h1 custom-color-heading blockquote modern-quote modern-centered  avia-builder-el-3  el_before_av_textblock  avia-builder-el-first  av-inherit-size'><h1 class='av-special-heading-tag'  itemprop=\"headline\"  >Benefici e Storie di Persone <\/h1><div class=\"special-heading-border\"><div class=\"special-heading-inner-border\"><\/div><\/div><\/div><br \/>\n\n<style type=\"text\/css\" data-created_by=\"avia_inline_auto\" id=\"style-css-av-av_textblock-20204ca3de3b7969bf5b1d451e512896\">\n#top .av_textblock_section.av-av_textblock-20204ca3de3b7969bf5b1d451e512896 .avia_textblock{\nfont-size:14px;\ncolor:#ffffff;\n}\n<\/style>\n<section  class='av_textblock_section av-av_textblock-20204ca3de3b7969bf5b1d451e512896 '   itemscope=\"itemscope\" itemtype=\"https:\/\/schema.org\/CreativeWork\" ><div class='avia_textblock av_inherit_color'  itemprop=\"text\" ><p style=\"text-align: center;\">Alcune delle storie di chi si \u00e8 affiancato a L&#8217;Essenza.<br \/>\nEpisodi di persone comuni che hanno avuto beneficio in pi\u00f9 aree della vita.<\/p>\n<\/div><\/section><br \/>\n\n<style type=\"text\/css\" data-created_by=\"avia_inline_auto\" id=\"style-css-av-av_testimonials-65f879e78c9e67094e6a5b872a73494e\">\n#top .avia-testimonial-wrapper.av-av_testimonials-65f879e78c9e67094e6a5b872a73494e .avia-testimonial-content{\nfont-size:14px;\n}\n#top .avia-testimonial-wrapper.av-av_testimonials-65f879e78c9e67094e6a5b872a73494e .avia-testimonial-name{\ncolor:#ffffff;\n}\n.avia-testimonial-wrapper.av-av_testimonials-65f879e78c9e67094e6a5b872a73494e .avia-testimonial-subtitle{\nfont-size:14px;\ncolor:#ffffff;\n}\n.avia-testimonial-wrapper.av-av_testimonials-65f879e78c9e67094e6a5b872a73494e .avia-testimonial-subtitle-sep{\nfont-size:14px;\n}\n.avia-testimonial-wrapper.av-av_testimonials-65f879e78c9e67094e6a5b872a73494e .avia-testimonial-link{\nfont-size:14px;\ncolor:#ffffff;\n}\n<\/style>\n<div  class='avia-testimonial-wrapper av-av_testimonials-65f879e78c9e67094e6a5b872a73494e avia-slider-testimonials avia-slider-2-testimonials avia_animate_when_almost_visible av-slideshow-ui av-control-minimal av-control-minimal-dark av-no-slider-navigation av-slider-hover-pause av-slideshow-manual av-loop-once av-loop-manual-endless' data-slideshow-options=\"{&quot;animation&quot;:&quot;fade&quot;,&quot;autoplay&quot;:false,&quot;loop_autoplay&quot;:&quot;once&quot;,&quot;interval&quot;:5,&quot;loop_manual&quot;:&quot;manual-endless&quot;,&quot;autoplay_stopper&quot;:false,&quot;noNavigation&quot;:false,&quot;bg_slider&quot;:false,&quot;keep_padding&quot;:&quot;&quot;,&quot;hoverpause&quot;:true,&quot;show_slide_delay&quot;:0}\">\n<section class=\"avia-testimonial-row\"><div class='avia-testimonial av-av_testimonial_single-82f8cff01c7aa2e188daecfcfcf652de avia-testimonial-row-1 avia-first-testimonial flex_column no_margin av_one_half'><div class='avia-testimonial_inner'  itemscope=\"itemscope\" itemtype=\"https:\/\/schema.org\/CreativeWork\" ><div class='avia-testimonial-content '><div class='avia-testimonial-markup-entry-content'  itemprop=\"text\" ><p>Federico ha fatto un percorso di crescita personale approfondito, esplorandosi nel profondo per scoprire il suo talento bloccato. Entrato nel forno di famiglia, inizialmente seguiva le tradizioni senza esprimere le sue competenze. Di nascosto, sperimentava impasti e creava prodotti per amici. Un giorno, suo padre assaggi\u00f2 per caso le sue creazioni e, apprezzandole, decisero insieme di sviluppare nuove ricette. Questo miglior\u00f2 il rapporto familiare e port\u00f2 al successo del forno, richiedendo l&#8217;assunzione di nuovi dipendenti. Federico, riconosciuto per il suo talento, introdusse strategie finanziarie innovative e ristruttur\u00f2 l&#8217;azienda, ottenendo grandi benefici economici e personali. Ora, la famiglia ha in programma di aprire un altro forno.<\/p>\n<\/div><\/div><div class=\"avia-testimonial-meta\"><div class=\"avia-testimonial-arrow-wrap\"><div class=\"avia-arrow\"><\/div><\/div><div class='avia-testimonial-meta-mini'  itemprop=\"author\" itemscope=\"itemscope\" itemtype=\"https:\/\/schema.org\/Person\" ><strong  class='avia-testimonial-name'  itemprop=\"name\" >Federico <\/strong><span  class='avia-testimonial-subtitle av_opacity_variation'  itemprop=\"jobTitle\" >45 anni, da aiutante a imprenditore di successo...<\/span><\/div><\/div><\/div><\/div>\n<div class='avia-testimonial av-av_testimonial_single-97a06563896b5ade8fa7f6aaf3803a2a avia-testimonial-row-1 flex_column no_margin av_one_half'><div class='avia-testimonial_inner'  itemscope=\"itemscope\" itemtype=\"https:\/\/schema.org\/CreativeWork\" ><div class='avia-testimonial-content '><div class='avia-testimonial-markup-entry-content'  itemprop=\"text\" ><p>Quando si parla di autenticit\u00e0 ed Essenza, si include l&#8217;amore. L&#8217;Essenza\u2122 pu\u00f2 aiutare a risvegliarlo e incontrare la persona giusta. A Marina \u00e8 successo. Dopo pene d&#8217;amore, si \u00e8 rivolta a me per trovare valore nel suo essere affettivo. Durante il percorso, ha scoperto la meditazione e si \u00e8 sentita a &#8220;casa&#8221;. In una calda giornata di luglio, durante un corso di meditazione, ha incontrato un uomo con cui ha condiviso questa passione. Con il tempo, si sono avvicinati sempre pi\u00f9, trovando una visione comune dell&#8217;amore. Marina ha fatto spazio dentro di s\u00e9 per una persona altrettanto sensibile, con le stesse passioni.<\/p>\n<\/div><\/div><div class=\"avia-testimonial-meta\"><div class=\"avia-testimonial-arrow-wrap\"><div class=\"avia-arrow\"><\/div><\/div><div class='avia-testimonial-meta-mini'  itemprop=\"author\" itemscope=\"itemscope\" itemtype=\"https:\/\/schema.org\/Person\" ><strong  class='avia-testimonial-name'  itemprop=\"name\" >Marina<\/strong><span  class='avia-testimonial-subtitle av_opacity_variation'  itemprop=\"jobTitle\" >39 anni, la scoperta dell\u2019amore <\/span><\/div><\/div><\/div><\/div>\n<\/section><div class='avia-slideshow-arrows avia-slideshow-controls' ><a href='#prev' class='prev-slide ' aria-hidden='true' data-av_icon='\ue87c' data-av_iconfont='entypo-fontello'  tabindex='-1'>Prec<\/a><a href='#next' class='next-slide ' aria-hidden='true' data-av_icon='\ue87d' data-av_iconfont='entypo-fontello'  tabindex='-1'>Succ<\/a><\/div><\/div><\/p><\/div><div  class='flex_column av-av_one_fifth-142d03dc1996436b0929e325da2ae973 av_one_fifth  avia-builder-el-6  el_after_av_three_fifth  avia-builder-el-last  flex_column_div  '     ><\/div>\n","protected":false},"excerpt":{"rendered":"","protected":false},"author":1,"featured_media":0,"parent":0,"menu_order":0,"comment_status":"closed","ping_status":"closed","template":"","meta":{"footnotes":""},"class_list":["post-784","page","type-page","status-publish","hentry"],"_links":{"self":[{"href":"https:\/\/benevolmente.com\/index.php\/wp-json\/wp\/v2\/pages\/784","targetHints":{"allow":["GET"]}}],"collection":[{"href":"https:\/\/benevolmente.com\/index.php\/wp-json\/wp\/v2\/pages"}],"about":[{"href":"https:\/\/benevolmente.com\/index.php\/wp-json\/wp\/v2\/types\/page"}],"author":[{"embeddable":true,"href":"https:\/\/benevolmente.com\/index.php\/wp-json\/wp\/v2\/users\/1"}],"replies":[{"embeddable":true,"href":"https:\/\/benevolmente.com\/index.php\/wp-json\/wp\/v2\/comments?post=784"}],"version-history":[{"count":3,"href":"https:\/\/benevolmente.com\/index.php\/wp-json\/wp\/v2\/pages\/784\/revisions"}],"predecessor-version":[{"id":790,"href":"https:\/\/benevolmente.com\/index.php\/wp-json\/wp\/v2\/pages\/784\/revisions\/790"}],"wp:attachment":[{"href":"https:\/\/benevolmente.com\/index.php\/wp-json\/wp\/v2\/media?parent=784"}],"curies":[{"name":"wp","href":"https:\/\/api.w.org\/{rel}","templated":true}]}}